{"id":256,"date":"2015-07-27T04:50:39","date_gmt":"2015-07-27T04:50:39","guid":{"rendered":"http:\/\/demo.oceanthemes.net\/archi\/?page_id=256"},"modified":"2023-08-20T01:56:45","modified_gmt":"2023-08-20T01:56:45","slug":"kapcsolat","status":"publish","type":"page","link":"https:\/\/hallobarbudapest.hu\/en_en\/kapcsolat\/","title":{"rendered":"Contact"},"content":{"rendered":"<section class=\"wpb-content-wrapper\"><section class=\"wpb_row vc_row-fluid vc_custom_1438577278176 no-padding\"><div class=\"row\"><div class=\"wpb_column vc_column_container vc_col-sm-12\"><div class=\"vc_column-inner\"><div class=\"wpb_wrapper\"  ><div id=\"sbs-openstreetmap-block-69e37c9faaf8e\" class=\"sbs_openstreetmap_module\" data-style=\"OpenStreetMap.DE\" data-api-key=\"\" data-access-token=\"\" data-zoom=\"18\" data-zoomable=\"true\" data-latitude=\"47.503602\" data-longitude=\"19.066326\" data-show-attribution=\"true\" data-marker-source=\"coordinates\" data-marker-address=\"\" data-marker-latitude=\"47.503602\" data-marker-longitude=\"19.066326\" data-marker-center=\"true\" data-marker-icon=\"sbs-map-icon sbs-map-emoji-flags\" data-marker-color=\"red\" data-marker-text=\"&lt;p&gt;&lt;strong&gt;HalloB\u00e1r&lt;\/strong&gt;&lt;\/p&gt;&lt;p&gt;Budapest, Kir\u00e1ly u. 65, 1077&lt;\/p&gt;\"><div class=\"sbs_openstreetmap_container\" style=\"padding-bottom: 20%\"><\/div><\/div><\/div><\/div><\/div><\/div><\/section><section class=\"wpb_row vc_row-fluid vc_custom_1438577300524\"><div class=\"container\"><div class=\"row\"><div class=\"wpb_column vc_column_container vc_col-sm-8\"><div class=\"vc_column-inner\"><div class=\"wpb_wrapper\"  >\n\t<!-- Element: OT Heading --> \t \n\t<h3 class=\"ot_custom_heading\" style=\"\" >\u00cdrjon nek\u00fcnk<\/h3>\t\n<div class=\"vc_empty_space\"   style=\"height: 10px\"><span class=\"vc_empty_space_inner\"><\/span><\/div>\n<div class=\"wpcf7 no-js\" id=\"wpcf7-f1807-o1\" lang=\"en-US\" dir=\"ltr\">\n<div class=\"screen-reader-response\"><p role=\"status\" aria-live=\"polite\" aria-atomic=\"true\"><\/p> <ul><\/ul><\/div>\n<form action=\"\/en_en\/wp-json\/wp\/v2\/pages\/256#wpcf7-f1807-o1\" method=\"post\" class=\"wpcf7-form init\" aria-label=\"Contact form\" novalidate=\"novalidate\" data-status=\"init\" data-trp-original-action=\"\/en_en\/wp-json\/wp\/v2\/pages\/256#wpcf7-f1807-o1\">\n<div style=\"display: none;\">\n<input type=\"hidden\" name=\"_wpcf7\" value=\"1807\" \/>\n<input type=\"hidden\" name=\"_wpcf7_version\" value=\"5.9.3\" \/>\n<input type=\"hidden\" name=\"_wpcf7_locale\" value=\"en_US\" \/>\n<input type=\"hidden\" name=\"_wpcf7_unit_tag\" value=\"wpcf7-f1807-o1\" \/>\n<input type=\"hidden\" name=\"_wpcf7_container_post\" value=\"0\" \/>\n<input type=\"hidden\" name=\"_wpcf7_posted_data_hash\" value=\"\" \/>\n<\/div>\n<div class=\"row\">\n\t<div class=\"col-md-4\">\n\t\t<div>\n\t\t\t<p><span class=\"wpcf7-form-control-wrap\" data-name=\"your-name\"><input size=\"40\" class=\"wpcf7-form-control wpcf7-text wpcf7-validates-as-required\" aria-required=\"true\" aria-invalid=\"false\" placeholder=\"Az \u00d6n neve\" value=\"\" type=\"text\" name=\"your-name\" \/><\/span>\n\t\t\t<\/p>\n\t\t<\/div>\n\t\t<div>\n\t\t\t<p><span class=\"wpcf7-form-control-wrap\" data-name=\"your-email\"><input size=\"40\" class=\"wpcf7-form-control wpcf7-email wpcf7-validates-as-required wpcf7-text wpcf7-validates-as-email\" aria-required=\"true\" aria-invalid=\"false\" placeholder=\"Az \u00d6n email c\u00edme\" value=\"\" type=\"email\" name=\"your-email\" \/><\/span>\n\t\t\t<\/p>\n\t\t<\/div>\n\t\t<div>\n\t\t\t<p><span class=\"wpcf7-form-control-wrap\" data-name=\"your-phone\"><input size=\"40\" class=\"wpcf7-form-control wpcf7-tel wpcf7-validates-as-required wpcf7-text wpcf7-validates-as-tel\" aria-required=\"true\" aria-invalid=\"false\" placeholder=\"Az \u00d6n telefonsz\u00e1ma\" value=\"\" type=\"tel\" name=\"your-phone\" \/><\/span>\n\t\t\t<\/p>\n\t\t<\/div>\n\t<\/div>\n\t<div class=\"col-md-8\">\n\t\t<div>\n\t\t\t<p><span class=\"wpcf7-form-control-wrap\" data-name=\"your-message\"><textarea cols=\"40\" rows=\"10\" class=\"wpcf7-form-control wpcf7-textarea wpcf7-validates-as-required\" aria-required=\"true\" aria-invalid=\"false\" placeholder=\"\u00dczenete\" name=\"your-message\"><\/textarea><\/span>\n\t\t\t<\/p>\n\t\t<\/div>\n\t<\/div>\n\t<div class=\"col-md-12\">\n\t\t<p id=\"submit\"><input class=\"wpcf7-form-control wpcf7-submit has-spinner btn btn-line\" type=\"submit\" value=\"Elk\u00fcld\" \/>\n\t\t<\/p>\n\t<\/div>\n<\/div><div class=\"wpcf7-response-output\" aria-hidden=\"true\"><\/div>\n<input type=\"hidden\" name=\"trp-form-language\" value=\"en_en\"\/><\/form>\n<\/div>\n<\/div><\/div><\/div><div class=\"wpb_column vc_column_container vc_col-sm-4\"><div class=\"vc_column-inner\"><div class=\"wpb_wrapper\"  >\n\t<!-- Element: OT Heading --> \t \n\t<h3 class=\"ot_custom_heading\" style=\"\" >KAPCSOLAT<\/h3>\t\n\n\t<div class=\"wpb_text_column wpb_content_element\" >\n\t\t<div class=\"wpb_wrapper\">\n\t\t\t<address>\n<div>Kir\u00e1ly street 65. Budapest, Hungary, 1077<\/div>\n<div><strong>Telefon: +36 1 322 4621<\/strong><\/div>\n<div><strong>Email: <a href=\"mailto:info@hallobar.hu\">info@hallobar.hu<\/a><\/strong><\/div>\n<div><strong>Web:<\/strong><a href=\"https:\/\/hallobar.hu\">http:\/\/hallobarbudapest.hu<\/a><\/div>\n<div><strong>Open: <\/strong>Cs\u00fct\u00f6rt\u00f6k-Vas\u00e1rnap 22:00 &#8211; 05:00<\/div>\n<\/address>\n\n\t\t<\/div>\n\t<\/div>\n<div id=\"sbs-openstreetmap-block-69e37c9fabb24\" class=\"sbs_openstreetmap_module\" data-style=\"OpenStreetMap.DE\" data-api-key=\"\" data-access-token=\"\" data-zoom=\"18\" data-zoomable=\"true\" data-latitude=\"47.503602\" data-longitude=\"19.066326\" data-show-attribution=\"true\" data-marker-source=\"coordinates\" data-marker-address=\"\" data-marker-latitude=\"47.503602\" data-marker-longitude=\"19.066326\" data-marker-center=\"true\" data-marker-icon=\"sbs-map-icon sbs-map-emoji-flags\" data-marker-color=\"red\" data-marker-text=\"&lt;p&gt;&lt;strong&gt;HalloB\u00e1r&lt;\/strong&gt;&lt;\/p&gt;&lt;p&gt;Budapest, Kir\u00e1ly u. 65, 1077&lt;\/p&gt;\"><div class=\"sbs_openstreetmap_container\" style=\"padding-bottom: 50%\"><\/div><\/div><\/div><\/div><\/div><\/div><\/div><\/section>\n<\/section>","protected":false},"excerpt":{"rendered":"\u00cdrjon nek\u00fcnk KAPCSOLAT Kir\u00e1ly u. 65, Budapest, Hungary, 1077 Telefon: +36 1 322 4621 Email: info@hallobar.hu Web:http:\/\/hallobarbudapest.hu Open: Cs\u00fct\u00f6rt\u00f6k-Vas\u00e1rnap 22:00 - 05:00","protected":false},"author":1,"featured_media":0,"parent":0,"menu_order":0,"comment_status":"open","ping_status":"open","template":"page-templates\/template-fullwidth.php","meta":{"footnotes":""},"class_list":["post-256","page","type-page","status-publish","hentry"],"_links":{"self":[{"href":"https:\/\/hallobarbudapest.hu\/en_en\/wp-json\/wp\/v2\/pages\/256","targetHints":{"allow":["GET"]}}],"collection":[{"href":"https:\/\/hallobarbudapest.hu\/en_en\/wp-json\/wp\/v2\/pages"}],"about":[{"href":"https:\/\/hallobarbudapest.hu\/en_en\/wp-json\/wp\/v2\/types\/page"}],"author":[{"embeddable":true,"href":"https:\/\/hallobarbudapest.hu\/en_en\/wp-json\/wp\/v2\/users\/1"}],"replies":[{"embeddable":true,"href":"https:\/\/hallobarbudapest.hu\/en_en\/wp-json\/wp\/v2\/comments?post=256"}],"version-history":[{"count":33,"href":"https:\/\/hallobarbudapest.hu\/en_en\/wp-json\/wp\/v2\/pages\/256\/revisions"}],"predecessor-version":[{"id":1988,"href":"https:\/\/hallobarbudapest.hu\/en_en\/wp-json\/wp\/v2\/pages\/256\/revisions\/1988"}],"wp:attachment":[{"href":"https:\/\/hallobarbudapest.hu\/en_en\/wp-json\/wp\/v2\/media?parent=256"}],"curies":[{"name":"wp","href":"https:\/\/api.w.org\/{rel}","templated":true}]}}