{"id":1010,"date":"2016-06-24T11:02:23","date_gmt":"2016-06-24T11:02:23","guid":{"rendered":"http:\/\/demo.oceanthemes.net\/archi\/?page_id=1010"},"modified":"2023-06-21T17:05:35","modified_gmt":"2023-06-21T17:05:35","slug":"szolgaltatasok","status":"publish","type":"page","link":"https:\/\/hallobarbudapest.hu\/en_en\/szolgaltatasok\/","title":{"rendered":"Services"},"content":{"rendered":"<section class=\"wpb-content-wrapper\"><section class=\"wpb_row vc_row-fluid vc_custom_1466766141111 no-padding\"><div class=\"row\"><div class=\"wpb_column vc_column_container vc_col-sm-12\"><div class=\"vc_column-inner\"><div class=\"wpb_wrapper\"  >\t<!-- Element: OT Services List -->\n\t\n\t\t\n\t\t<section class=\"side-bg no-padding service-list\" id=\"section-service-1\">\n\n\t\t\t\n            <div class=\"image-container col-md-5 col-md-offset-7 pull-right right0 hidden-xs\" data-delay=\"0\">\n                <div class=\"background-image\" style=\"background-image:url('https:\/\/hallobarbudapest.hu\/wp-content\/uploads\/2015\/08\/DSC_8838.jpg');\"><\/div>\n            <\/div>\n\n            <!-- Added this code in 26\/03\/2019 -->\n            <div class=\"visible-xs mb-30\" data-delay=\"0\">\n            \t<img loading=\"lazy\" decoding=\"async\" width=\"1800\" height=\"1201\" src=\"https:\/\/hallobarbudapest.hu\/wp-content\/uploads\/2015\/08\/DSC_8838.jpg\" class=\"img-responsive wp-post-image\" alt=\"\" title=\"DSC_8838\" \/>            <\/div>\n\t\t\t\n            <div class=\"container\">\n                <div class=\"row\">\n                    <div class=\"inner-padding\">\n                        <div data-wow-delay=\".5s\" class=\"col-md-6 wow fadeInLeft\">\n                            <h3 class=\"id-color\">Bachelor party<\/h3>\n                            <div class=\"service-excerpt\">We can offer a special deal for bachelor parties: <br>For stag parties, we can offer a special deal: We'll host the group in our private room, where they'll enjoy a surprise show presented by the ladies, including <a href=\"https:\/\/stagmadness.com\/blog\/stag-party-strippers\/\">stag party strippers<\/a>. This is a 20-minute performance. After the show, indoor beverage consumption can be repeated in the main bar area, with the cost covered by HalloBar. Essentially, this means guests pay for one drink but receive two. So, consumption is at half price.<\/div>\n                            \t\t\t\t\t\t\t\t<div class=\"spacer-single\"><\/div>\n\t                            <a class=\"btn-line\" href=\"https:\/\/hallobarbudapest.hu\/en_en\/service\/legenybucsu\/\">Read More<\/a>\n\t\t\t\t\t\t\t                        <\/div>\n                        <div class=\"clearfix\"><\/div>\n                    <\/div>\n                <\/div>\n            <\/div>\n            \n        <\/section>            \n\t\n\t\n\t\t\n\t\t<section class=\"side-bg no-padding service-list\" id=\"section-service-2\">\n\n\t\t\t\t\t\t\n            <div class=\"image-container col-md-5 pull-left hidden-xs\" data-delay=\"0\">\n                <div class=\"background-image\" style=\"background-image:url('https:\/\/hallobarbudapest.hu\/wp-content\/uploads\/2015\/08\/DSC_8850.jpg');\"><\/div>\n            <\/div>\n\n            <!-- Added this code in 26\/03\/2019 -->\n            <div class=\"visible-xs mb-30\" data-delay=\"0\">\n            \t<img loading=\"lazy\" decoding=\"async\" width=\"1800\" height=\"1201\" src=\"https:\/\/hallobarbudapest.hu\/wp-content\/uploads\/2015\/08\/DSC_8850.jpg\" class=\"img-responsive wp-post-image\" alt=\"\" title=\"DSC_8850\" \/>            <\/div>\n\t\t\t\n            <div class=\"container\">\n                <div class=\"row\">\n                    <div class=\"inner-padding\">\n                        <div data-wow-delay=\".5s\" class=\"col-md-6 col-md-offset-6 wow fadeInRight\">\n                            <h3 class=\"id-color\">Birthday<\/h3>\n                            <div class=\"service-excerpt\"><p class=\" translation-block\">For bachelor parties, we have a special offer:<br>\nWe'll host the group in our private room, where they'll enjoy a show presented by the ladies. This is a 30-minute performance.\n(If the group wishes to use our VIP room for a longer period, we can provide a custom offer.)\nFor groups of eight or more, a lesbian show is also available upon request.\nAfter the show, indoor beverage consumption can be repeated in the main bar area, with the cost covered by HalloBar.\nEssentially, this means guests pay for one drink but receive two. So, consumption is at half price.<\/p>\n<\/div>\n                            \t\t\t\t\t\t\t\t<div class=\"spacer-single\"><\/div>\n\t                            <a class=\"btn-line\" href=\"https:\/\/hallobarbudapest.hu\/en_en\/service\/szuletesnap\/\">Read More<\/a>\n\t\t\t\t\t\t\t                        <\/div>\n                        <div class=\"clearfix\"><\/div>\n                    <\/div>\n                <\/div>\n            <\/div>\n\n            \n        <\/section>            \n\t\n\t\n\t\t\n\t\t<section class=\"side-bg no-padding service-list\" id=\"section-service-3\">\n\n\t\t\t\n            <div class=\"image-container col-md-5 col-md-offset-7 pull-right right0 hidden-xs\" data-delay=\"0\">\n                <div class=\"background-image\" style=\"background-image:url('https:\/\/hallobarbudapest.hu\/wp-content\/uploads\/2023\/08\/DSC_8591_w.jpg');\"><\/div>\n            <\/div>\n\n            <!-- Added this code in 26\/03\/2019 -->\n            <div class=\"visible-xs mb-30\" data-delay=\"0\">\n            \t<img loading=\"lazy\" decoding=\"async\" width=\"2500\" height=\"1668\" src=\"https:\/\/hallobarbudapest.hu\/wp-content\/uploads\/2023\/08\/DSC_8591_w.jpg\" class=\"img-responsive wp-post-image\" alt=\"\" srcset=\"https:\/\/hallobarbudapest.hu\/wp-content\/uploads\/2023\/08\/DSC_8591_w.jpg 2500w, https:\/\/hallobarbudapest.hu\/wp-content\/uploads\/2023\/08\/DSC_8591_w-300x200.jpg 300w, https:\/\/hallobarbudapest.hu\/wp-content\/uploads\/2023\/08\/DSC_8591_w-1024x683.jpg 1024w, https:\/\/hallobarbudapest.hu\/wp-content\/uploads\/2023\/08\/DSC_8591_w-768x512.jpg 768w, https:\/\/hallobarbudapest.hu\/wp-content\/uploads\/2023\/08\/DSC_8591_w-1536x1025.jpg 1536w, https:\/\/hallobarbudapest.hu\/wp-content\/uploads\/2023\/08\/DSC_8591_w-2048x1366.jpg 2048w, https:\/\/hallobarbudapest.hu\/wp-content\/uploads\/2023\/08\/DSC_8591_w-750x499.jpg 750w\" sizes=\"auto, (max-width: 2500px) 100vw, 2500px\" title=\"DSC_8591_w\" \/>            <\/div>\n\t\t\t\n            <div class=\"container\">\n                <div class=\"row\">\n                    <div class=\"inner-padding\">\n                        <div data-wow-delay=\".5s\" class=\"col-md-6 wow fadeInLeft\">\n                            <h3 class=\"id-color\">VIP Privat Party<\/h3>\n                            <div class=\"service-excerpt\"><p>We'll host the group in our private room, where they'll enjoy a show presented by the ladies. For groups of eight or more, a lesbian show is also available upon request. Buy one, get one free! After the show, indoor beverage consumption can be repeated in the main bar area, with the cost covered by HalloBar.<\/p>\n<\/div>\n                            \t\t\t\t\t\t\t\t<div class=\"spacer-single\"><\/div>\n\t                            <a class=\"btn-line\" href=\"https:\/\/hallobarbudapest.hu\/en_en\/service\/office-design\/\">Read More<\/a>\n\t\t\t\t\t\t\t                        <\/div>\n                        <div class=\"clearfix\"><\/div>\n                    <\/div>\n                <\/div>\n            <\/div>\n            \n        <\/section>            \n\t\n\t\t\n\n<\/div><\/div><\/div><\/div><\/section>\n<\/section>","protected":false},"excerpt":{"rendered":"A t\u00e1rsas\u00e1g a VIP teremben sz\u00f3rakozhat a t\u00f6bbi vend\u00e9gt\u0151l teljesen elszepar\u00e1lva ahol sor ker\u00fcl a l\u00e1nyok \u00e1ltal prezent\u00e1lt m\u0171sorra. Egyet fizet, kett\u0151t kap! A show ut\u00e1n a benti italfogyaszt\u00e1s megism\u00e9telhet\u0151 , ennek a k\u00f6lts\u00e9g\u00e9t a HalloB\u00e1r \u00e1llja Itallap Kapcsolat","protected":false},"author":1,"featured_media":0,"parent":0,"menu_order":0,"comment_status":"closed","ping_status":"closed","template":"page-templates\/template-fullwidth.php","meta":{"footnotes":""},"class_list":["post-1010","page","type-page","status-publish","hentry"],"_links":{"self":[{"href":"https:\/\/hallobarbudapest.hu\/en_en\/wp-json\/wp\/v2\/pages\/1010","targetHints":{"allow":["GET"]}}],"collection":[{"href":"https:\/\/hallobarbudapest.hu\/en_en\/wp-json\/wp\/v2\/pages"}],"about":[{"href":"https:\/\/hallobarbudapest.hu\/en_en\/wp-json\/wp\/v2\/types\/page"}],"author":[{"embeddable":true,"href":"https:\/\/hallobarbudapest.hu\/en_en\/wp-json\/wp\/v2\/users\/1"}],"replies":[{"embeddable":true,"href":"https:\/\/hallobarbudapest.hu\/en_en\/wp-json\/wp\/v2\/comments?post=1010"}],"version-history":[{"count":3,"href":"https:\/\/hallobarbudapest.hu\/en_en\/wp-json\/wp\/v2\/pages\/1010\/revisions"}],"predecessor-version":[{"id":2096,"href":"https:\/\/hallobarbudapest.hu\/en_en\/wp-json\/wp\/v2\/pages\/1010\/revisions\/2096"}],"wp:attachment":[{"href":"https:\/\/hallobarbudapest.hu\/en_en\/wp-json\/wp\/v2\/media?parent=1010"}],"curies":[{"name":"wp","href":"https:\/\/api.w.org\/{rel}","templated":true}]}}